{"id":7655,"date":"2018-10-05T10:34:51","date_gmt":"2018-10-05T08:34:51","guid":{"rendered":"http:\/\/www.horex.com\/modelli\/horex-vr6-raw\/"},"modified":"2020-02-18T13:22:40","modified_gmt":"2020-02-18T12:22:40","slug":"horex-vr6-raw","status":"publish","type":"page","link":"https:\/\/www.horex.com\/it\/modelli\/horex-vr6-raw\/","title":{"rendered":"HOREX VR6 RAW"},"content":{"rendered":"<section class=\"l-section wpb_row height_medium\"><div class=\"l-section-h i-cf\"><div class=\"g-cols vc_row via_flex valign_top type_default stacking_default\"><div class=\"vc_col-sm-12 wpb_column vc_column_container\"><div class=\"vc_column-inner\"><div class=\"wpb_wrapper\"><div class=\"wpb_text_column\"><div class=\"wpb_wrapper\"><h1 style=\"text-align: center;\">HOREX VR6\u00a0RAW<\/h1>\n<\/div><\/div><\/div><\/div><\/div><\/div><\/div><\/section><section class=\"l-section wpb_row height_medium full_height valign_top with_img parallax_fixed\"><div class=\"l-section-img\" data-img-width=\"1920\" data-img-height=\"1278\" style=\"background-image: url(https:\/\/www.horex.com\/bilder\/HOREX_RAW_01_HI.jpg);background-repeat: no-repeat;\"><\/div><div class=\"l-section-h i-cf\"><div class=\"g-cols vc_row via_flex valign_top type_default stacking_default\"><div class=\"vc_col-sm-12 wpb_column vc_column_container\"><div class=\"vc_column-inner\"><div class=\"wpb_wrapper\"><\/div><\/div><\/div><\/div><\/div><\/section><section class=\"l-section wpb_row height_medium\"><div class=\"l-section-h i-cf\"><div class=\"g-cols vc_row via_flex valign_top type_default stacking_default\"><div class=\"vc_col-sm-6 wpb_column vc_column_container\"><div class=\"vc_column-inner\"><div class=\"wpb_wrapper\"><div class=\"wpb_text_column\"><div class=\"wpb_wrapper\"><p>Fin dal primo sguardo \u00e8 evidente che HOREX VR6 RAW \u00e8 il nome giusto per il terzo modello della serie VR6. Pi\u00f9 che sostantivo, RAW \u00e8 l\u2019aggettivo che identifica una moto profondamente nera, in ogni pi\u00f9 piccolo dettaglio. Dal nuovo impianto di scarico, agli specchietti, manubrio, telaio e la maggior parte degli elementi visibili di questa seducente motocicletta sono realizzati in &#8220;HOREX Black Gloss&#8221; or &#8220;HOREX Black Matt&#8221;, le due tonalit\u00e0, opaca e lucida che contribuiscono a rendere la bellezza di questa moto ancora pi\u00f9 pura e seducente.<\/p>\n<p>La prima impressione trova conferma una volta su strada.<\/p>\n<p>La RAW ha un carattere sportivo e le ruote in alluminio forgiate insieme al nuovo silenziatore di scarico rilevano quest\u2019aspetto. Anche la posizione di guida, complice la nuova sella in un sol pezzo, \u00e8 stata realizzata per aumentare il feeling con la moto ed \u00e8 rivestita in microfibra, un materiale hi-tech impiegato per le sedute della auto da corsa grazie alla sua altissima aderenza.<\/p>\n<p>Rimanendo in sella, non si pu\u00f2 non rimanere colpiti dalla brillantezza del display da sette pollici, capace di oltre 1000 candele di luminosit\u00e0 trasmessi attraverso uno schermo in autentico vetro.\u00a0 La nuova strumentazione \u00e8 stata aggiornata con il sistema di navigazione GPS e un completo pacchetto di connettivit\u00e0 con i pi\u00f9 diffusi smartphones.<\/p>\n<\/div><\/div><\/div><\/div><\/div><div class=\"vc_col-sm-6 wpb_column vc_column_container\"><div class=\"vc_column-inner\"><div class=\"wpb_wrapper\"><div class=\"w-slider style_none fit_contain\"><div class=\"w-slider-h\"><div class=\"royalSlider\"><div class=\"rsContent\"><a class=\"rsImg\" data-rsw=\"600\" data-rsh=\"400\" href=\"https:\/\/www.horex.com\/bilder\/HOREX_RAW_06_LO-600x400.jpg\"><span data-alt=\"\"><\/span><\/a><\/div><div class=\"rsContent\"><a class=\"rsImg\" data-rsw=\"600\" data-rsh=\"400\" href=\"https:\/\/www.horex.com\/bilder\/HOREX_RAW_08_LO-600x400.jpg\"><span data-alt=\"\"><\/span><\/a><\/div><div class=\"rsContent\"><a class=\"rsImg\" data-rsw=\"600\" data-rsh=\"400\" href=\"https:\/\/www.horex.com\/bilder\/HOREX_RAW_09_LO-600x400.jpg\"><span data-alt=\"\"><\/span><\/a><\/div><div class=\"rsContent\"><a class=\"rsImg\" data-rsw=\"600\" data-rsh=\"400\" href=\"https:\/\/www.horex.com\/bilder\/HOREX_RAW_10_LO-600x400.jpg\"><span data-alt=\"\"><\/span><\/a><\/div><div class=\"rsContent\"><a class=\"rsImg\" data-rsw=\"600\" data-rsh=\"400\" href=\"https:\/\/www.horex.com\/bilder\/HOREX_RAW_11_LO-600x400.jpg\"><span data-alt=\"\"><\/span><\/a><\/div><div class=\"rsContent\"><a class=\"rsImg\" data-rsw=\"600\" data-rsh=\"400\" href=\"https:\/\/www.horex.com\/bilder\/HOREX_RAW_14_LO-600x400.jpg\"><span data-alt=\"\"><\/span><\/a><\/div><\/div><img decoding=\"async\" src=\"https:\/\/www.horex.com\/bilder\/HOREX_RAW_06_LO-600x400.jpg\" width=\"600\" height=\"400\" alt loading=\"lazy\"><\/div><div class=\"w-slider-json\" onclick='return {&quot;autoScaleSlider&quot;:true,&quot;loop&quot;:true,&quot;fadeInLoadedSlide&quot;:false,&quot;slidesSpacing&quot;:0,&quot;imageScalePadding&quot;:0,&quot;numImagesToPreload&quot;:2,&quot;arrowsNav&quot;:true,&quot;arrowsNavAutoHide&quot;:true,&quot;transitionType&quot;:&quot;move&quot;,&quot;transitionSpeed&quot;:250,&quot;block&quot;:{&quot;moveEffect&quot;:&quot;none&quot;,&quot;speed&quot;:300},&quot;thumbs&quot;:{&quot;fitInViewport&quot;:false},&quot;controlNavigation&quot;:&quot;bullets&quot;,&quot;imageScaleMode&quot;:&quot;fit&quot;,&quot;autoScaleSliderWidth&quot;:600,&quot;autoScaleSliderHeight&quot;:400}'><\/div><\/div><\/div><\/div><\/div><\/div><\/div><\/section><section class=\"l-section wpb_row height_small color_alternate\"><div class=\"l-section-overlay\" style=\"background:#000000\"><\/div><div class=\"l-section-h i-cf\"><div class=\"g-cols vc_row via_flex valign_top type_default stacking_default\"><div class=\"vc_col-sm-12 vc_col-xs-12 wpb_column vc_column_container has_text_color\"><div class=\"vc_column-inner us_custom_6df4bc3a\"><div class=\"wpb_wrapper\"><div class=\"g-cols wpb_row via_flex valign_top type_default stacking_default\"><div class=\"vc_col-sm-4 vc_col-xs-12 wpb_column vc_column_container has_text_color\"><div class=\"vc_column-inner us_custom_4076faf9\"><div class=\"wpb_wrapper\"><\/div><\/div><\/div><div class=\"vc_col-sm-4 vc_col-xs-12 wpb_column vc_column_container has_text_color\"><div class=\"vc_column-inner us_custom_4076faf9\"><div class=\"wpb_wrapper\"><div class=\"w-person layout_circle\" itemscope itemtype=\"https:\/\/schema.org\/Person\"><div class=\"w-person-image\"><a href=\"https:\/\/www.horex.com\/service\/probefahrt\/\" class=\"w-person-link\" aria-label=\"Prova su strada\"><img loading=\"lazy\" decoding=\"async\" width=\"1024\" height=\"1024\" src=\"https:\/\/www.horex.com\/bilder\/horex-probefahrt-schwarz-1-1024x1024.png\" class=\"attachment-large size-large\" alt=\"\" srcset=\"https:\/\/www.horex.com\/bilder\/horex-probefahrt-schwarz-1-1024x1024.png 1024w, https:\/\/www.horex.com\/bilder\/horex-probefahrt-schwarz-1-150x150.png 150w, https:\/\/www.horex.com\/bilder\/horex-probefahrt-schwarz-1-300x300.png 300w, https:\/\/www.horex.com\/bilder\/horex-probefahrt-schwarz-1-768x768.png 768w, https:\/\/www.horex.com\/bilder\/horex-probefahrt-schwarz-1-100x100.png 100w, https:\/\/www.horex.com\/bilder\/horex-probefahrt-schwarz-1-600x600.png 600w, https:\/\/www.horex.com\/bilder\/horex-probefahrt-schwarz-1-350x350.png 350w, https:\/\/www.horex.com\/bilder\/horex-probefahrt-schwarz-1.png 1095w\" sizes=\"auto, (max-width: 1024px) 100vw, 1024px\" \/><div class=\"img_hover\" style=\"background-image:url(https:\/\/www.horex.com\/bilder\/horex-probefahrt-rot-1024x1024.png)\"><\/div><\/a><\/div><div class=\"w-person-content\"><a href=\"https:\/\/www.horex.com\/service\/probefahrt\/\" class=\"w-person-link\" aria-label=\"Prova su strada\"><h4 itemprop=\"name\" class=\"w-person-name\"><span>Prova su strada<\/span><\/h4><\/a><\/div><\/div><\/div><\/div><\/div><div class=\"vc_col-sm-4 vc_col-xs-6 wpb_column vc_column_container has_text_color\"><div class=\"vc_column-inner us_custom_4076faf9\"><div class=\"wpb_wrapper\"><\/div><\/div><\/div><\/div><\/div><\/div><\/div><\/div><\/div><\/section><section class=\"l-section wpb_row height_medium color_secondary with_img\"><div class=\"l-section-img\" data-img-width=\"1920\" data-img-height=\"881\" style=\"background-image: url(https:\/\/www.horex.com\/bilder\/horex-betonhintergrund-v2.jpg);\"><\/div><div class=\"l-section-overlay\" style=\"background:rgba(0,0,0,0.69)\"><\/div><div class=\"l-section-h i-cf\"><div class=\"g-cols vc_row via_flex valign_top type_default stacking_default\"><div class=\"vc_col-sm-12 wpb_column vc_column_container\"><div class=\"vc_column-inner\"><div class=\"wpb_wrapper\"><div class=\"wpb_text_column\"><div class=\"wpb_wrapper\"><h2 style=\"text-align: center;\">Dati tecnici<\/h2>\n<\/div><\/div><div class=\"w-separator size_medium\"><\/div><div class=\"g-cols wpb_row via_flex valign_top type_default stacking_default\"><div class=\"vc_col-sm-4 wpb_column vc_column_container\"><div class=\"vc_column-inner\"><div class=\"wpb_wrapper\"><div class=\"wpb_text_column\"><div class=\"wpb_wrapper\"><h3>Tipo<\/h3>\n<p>Power Cruiser di altissima gamma<\/p>\n<p>&nbsp;<\/p>\n<h3>Motore<\/h3>\n<p>Sei cilindri, tre alberi a camme in testa (TOHC), 18 valvole (3 per cilindro), raffredato a liquido<\/p>\n<p>&nbsp;<\/p>\n<h3>Cilindri<\/h3>\n<p>6 cilindri contrapposti a V di 15\u00b0<\/p>\n<p>&nbsp;<\/p>\n<h3>Cilindrata<\/h3>\n<p>1218 cc<\/p>\n<p>&nbsp;<\/p>\n<h3>Potenza<\/h3>\n<p>163 CV (120 kW)<\/p>\n<p>&nbsp;<\/p>\n<h3>Coppia max.<\/h3>\n<p>128 Nm<\/p>\n<p>&nbsp;<\/p>\n<h3>Trasmissione<\/h3>\n<p>Cambio a sei marce.<\/p>\n<\/div><\/div><\/div><\/div><\/div><div class=\"vc_col-sm-4 wpb_column vc_column_container\"><div class=\"vc_column-inner\"><div class=\"wpb_wrapper\"><div class=\"wpb_text_column\"><div class=\"wpb_wrapper\"><h3>Telaio<\/h3>\n<p>Bitrave superiore in Al. Telaio supplementare in CFRP &#8211; carbonio fibro-rinforzato<\/p>\n<h3>Impianto di scarico<\/h3>\n<p>In acciaio inox ad alta resistenza con catalizzatore centrale e doppio silenziatore ad alto redimento<\/p>\n<h3>Sospensioni<\/h3>\n<p>anteriore: \u00d6hlins a steli rovesciati trattati al TIN da 43 mm regolabile in compressione, estrensione e precarico<br \/>\nposteriore: \u00d6hlins TTX36 regolabile in compressione altabassa velocit\u00e0, estensione e precarico<\/p>\n<h3>Freni<\/h3>\n<p>anteriore: pinze Brembo M50 a quattro pistoni, dischi da 320 mm<br \/>\nposteriore: pinza Brembo P2.34 e disco a 264 mm<\/p>\n<p>&nbsp;<\/p>\n<h3>Ruote<\/h3>\n<p>In alluminio a raggi (Kineo-personalizzate HOREX)<br \/>\nPirelli Diablo Rosso III<\/p>\n<\/div><\/div><\/div><\/div><\/div><div class=\"vc_col-sm-4 wpb_column vc_column_container\"><div class=\"vc_column-inner\"><div class=\"wpb_wrapper\"><div class=\"wpb_text_column\"><div class=\"wpb_wrapper\"><h3>ABS<\/h3>\n<p>Standard<\/p>\n<p>&nbsp;<\/p>\n<h3>Luci<\/h3>\n<p>Proiettore, luci posteriori e indicatori di direzione con tecnologia LED<\/p>\n<p>&nbsp;<\/p>\n<h3>Sella<\/h3>\n<p>Biposto in un sol pezzo rivestito in microfibra<\/p>\n<p>&nbsp;<\/p>\n<h3>Altre dotazione di serie<\/h3>\n<p>Parafango anteriore e posteriore in CFRP<br \/>\nRide-by-Wire<br \/>\nBatteria agli ioni di litio<br \/>\nImmobilizzatore<\/p>\n<p>&nbsp;<\/p>\n<h3>Altezza sella<\/h3>\n<p>740 &#8211; 780mm<\/p>\n<p>&nbsp;<\/p>\n<h3>Peso<\/h3>\n<p>220 kg\u00a0a secco<\/p>\n<\/div><\/div><\/div><\/div><\/div><\/div><\/div><\/div><\/div><\/div><\/div><\/section>\n","protected":false},"excerpt":{"rendered":"HOREX VR6\u00a0RAW Fin dal primo sguardo \u00e8 evidente che HOREX VR6 RAW \u00e8 il nome giusto per il terzo modello della serie VR6. Pi\u00f9 che sostantivo, RAW \u00e8 l\u2019aggettivo che...","protected":false},"author":976060,"featured_media":0,"parent":7189,"menu_order":3,"comment_status":"closed","ping_status":"closed","template":"","meta":{"footnotes":""},"class_list":["post-7655","page","type-page","status-publish","hentry"],"yoast_head":"<!-- This site is optimized with the Yoast SEO plugin v27.3 - https:\/\/yoast.com\/product\/yoast-seo-wordpress\/ -->\n<title>HOREX VR6 RAW - HOREX - Der Ma\u00dfstab seit 1923<\/title>\n<meta name=\"robots\" content=\"noindex, follow, max-snippet:-1, max-image-preview:large, max-video-preview:-1\" \/>\n<meta property=\"og:locale\" content=\"it_IT\" \/>\n<meta property=\"og:type\" content=\"article\" \/>\n<meta property=\"og:title\" content=\"HOREX VR6 RAW - HOREX - Der Ma\u00dfstab seit 1923\" \/>\n<meta property=\"og:url\" content=\"https:\/\/www.horex.com\/it\/modelli\/horex-vr6-raw\/\" \/>\n<meta property=\"og:site_name\" content=\"HOREX - Der Ma\u00dfstab seit 1923\" \/>\n<meta property=\"article:modified_time\" content=\"2020-02-18T12:22:40+00:00\" \/>\n<meta name=\"twitter:card\" content=\"summary_large_image\" \/>\n<meta name=\"twitter:label1\" content=\"Tempo di lettura stimato\" \/>\n\t<meta name=\"twitter:data1\" content=\"3 minuti\" \/>\n<script type=\"application\/ld+json\" class=\"yoast-schema-graph\">{\"@context\":\"https:\\\/\\\/schema.org\",\"@graph\":[{\"@type\":\"WebPage\",\"@id\":\"https:\\\/\\\/www.horex.com\\\/it\\\/modelli\\\/horex-vr6-raw\\\/\",\"url\":\"https:\\\/\\\/www.horex.com\\\/it\\\/modelli\\\/horex-vr6-raw\\\/\",\"name\":\"HOREX VR6 RAW - HOREX - Der Ma\u00dfstab seit 1923\",\"isPartOf\":{\"@id\":\"https:\\\/\\\/www.horex.com\\\/#website\"},\"datePublished\":\"2018-10-05T08:34:51+00:00\",\"dateModified\":\"2020-02-18T12:22:40+00:00\",\"breadcrumb\":{\"@id\":\"https:\\\/\\\/www.horex.com\\\/it\\\/modelli\\\/horex-vr6-raw\\\/#breadcrumb\"},\"inLanguage\":\"it-IT\",\"potentialAction\":[{\"@type\":\"ReadAction\",\"target\":[\"https:\\\/\\\/www.horex.com\\\/it\\\/modelli\\\/horex-vr6-raw\\\/\"]}]},{\"@type\":\"BreadcrumbList\",\"@id\":\"https:\\\/\\\/www.horex.com\\\/it\\\/modelli\\\/horex-vr6-raw\\\/#breadcrumb\",\"itemListElement\":[{\"@type\":\"ListItem\",\"position\":1,\"name\":\"Startseite\",\"item\":\"https:\\\/\\\/www.horex.com\\\/it\\\/\"},{\"@type\":\"ListItem\",\"position\":2,\"name\":\"MODELLI\",\"item\":\"https:\\\/\\\/www.horex.com\\\/it\\\/modelli\\\/\"},{\"@type\":\"ListItem\",\"position\":3,\"name\":\"HOREX VR6 RAW\"}]},{\"@type\":\"WebSite\",\"@id\":\"https:\\\/\\\/www.horex.com\\\/#website\",\"url\":\"https:\\\/\\\/www.horex.com\\\/\",\"name\":\"HOREX - Der Ma\u00dfstab seit 1923\",\"description\":\"\",\"potentialAction\":[{\"@type\":\"SearchAction\",\"target\":{\"@type\":\"EntryPoint\",\"urlTemplate\":\"https:\\\/\\\/www.horex.com\\\/?s={search_term_string}\"},\"query-input\":{\"@type\":\"PropertyValueSpecification\",\"valueRequired\":true,\"valueName\":\"search_term_string\"}}],\"inLanguage\":\"it-IT\"}]}<\/script>\n<!-- \/ Yoast SEO plugin. -->","yoast_head_json":{"title":"HOREX VR6 RAW - HOREX - Der Ma\u00dfstab seit 1923","robots":{"index":"noindex","follow":"follow","max-snippet":"max-snippet:-1","max-image-preview":"max-image-preview:large","max-video-preview":"max-video-preview:-1"},"og_locale":"it_IT","og_type":"article","og_title":"HOREX VR6 RAW - HOREX - Der Ma\u00dfstab seit 1923","og_url":"https:\/\/www.horex.com\/it\/modelli\/horex-vr6-raw\/","og_site_name":"HOREX - Der Ma\u00dfstab seit 1923","article_modified_time":"2020-02-18T12:22:40+00:00","twitter_card":"summary_large_image","twitter_misc":{"Tempo di lettura stimato":"3 minuti"},"schema":{"@context":"https:\/\/schema.org","@graph":[{"@type":"WebPage","@id":"https:\/\/www.horex.com\/it\/modelli\/horex-vr6-raw\/","url":"https:\/\/www.horex.com\/it\/modelli\/horex-vr6-raw\/","name":"HOREX VR6 RAW - HOREX - Der Ma\u00dfstab seit 1923","isPartOf":{"@id":"https:\/\/www.horex.com\/#website"},"datePublished":"2018-10-05T08:34:51+00:00","dateModified":"2020-02-18T12:22:40+00:00","breadcrumb":{"@id":"https:\/\/www.horex.com\/it\/modelli\/horex-vr6-raw\/#breadcrumb"},"inLanguage":"it-IT","potentialAction":[{"@type":"ReadAction","target":["https:\/\/www.horex.com\/it\/modelli\/horex-vr6-raw\/"]}]},{"@type":"BreadcrumbList","@id":"https:\/\/www.horex.com\/it\/modelli\/horex-vr6-raw\/#breadcrumb","itemListElement":[{"@type":"ListItem","position":1,"name":"Startseite","item":"https:\/\/www.horex.com\/it\/"},{"@type":"ListItem","position":2,"name":"MODELLI","item":"https:\/\/www.horex.com\/it\/modelli\/"},{"@type":"ListItem","position":3,"name":"HOREX VR6 RAW"}]},{"@type":"WebSite","@id":"https:\/\/www.horex.com\/#website","url":"https:\/\/www.horex.com\/","name":"HOREX - Der Ma\u00dfstab seit 1923","description":"","potentialAction":[{"@type":"SearchAction","target":{"@type":"EntryPoint","urlTemplate":"https:\/\/www.horex.com\/?s={search_term_string}"},"query-input":{"@type":"PropertyValueSpecification","valueRequired":true,"valueName":"search_term_string"}}],"inLanguage":"it-IT"}]}},"_links":{"self":[{"href":"https:\/\/www.horex.com\/it\/wp-json\/wp\/v2\/pages\/7655","targetHints":{"allow":["GET"]}}],"collection":[{"href":"https:\/\/www.horex.com\/it\/wp-json\/wp\/v2\/pages"}],"about":[{"href":"https:\/\/www.horex.com\/it\/wp-json\/wp\/v2\/types\/page"}],"author":[{"embeddable":true,"href":"https:\/\/www.horex.com\/it\/wp-json\/wp\/v2\/users\/976060"}],"replies":[{"embeddable":true,"href":"https:\/\/www.horex.com\/it\/wp-json\/wp\/v2\/comments?post=7655"}],"version-history":[{"count":0,"href":"https:\/\/www.horex.com\/it\/wp-json\/wp\/v2\/pages\/7655\/revisions"}],"up":[{"embeddable":true,"href":"https:\/\/www.horex.com\/it\/wp-json\/wp\/v2\/pages\/7189"}],"wp:attachment":[{"href":"https:\/\/www.horex.com\/it\/wp-json\/wp\/v2\/media?parent=7655"}],"curies":[{"name":"wp","href":"https:\/\/api.w.org\/{rel}","templated":true}]}}