{"id":7194,"date":"2017-06-19T16:02:37","date_gmt":"2017-06-19T14:02:37","guid":{"rendered":"http:\/\/www.horex.com\/horex-vr6-silver-edition\/"},"modified":"2020-02-18T13:22:37","modified_gmt":"2020-02-18T12:22:37","slug":"horex-vr6-silver-edition","status":"publish","type":"page","link":"https:\/\/www.horex.com\/it\/horex-vr6-silver-edition\/","title":{"rendered":"HOREX VR6 Silver Edition"},"content":{"rendered":"<section class=\"l-section wpb_row height_medium\"><div class=\"l-section-h i-cf\"><div class=\"g-cols vc_row via_flex valign_top type_default stacking_default\"><div class=\"vc_col-sm-12 wpb_column vc_column_container\"><div class=\"vc_column-inner\"><div class=\"wpb_wrapper\"><div class=\"wpb_text_column\"><div class=\"wpb_wrapper\"><h1 style=\"text-align: center;\">HOREX VR6\u00a0Silver Edition<\/h1>\n<\/div><\/div><\/div><\/div><\/div><\/div><\/div><\/section><section class=\"l-section wpb_row height_auto width_full\"><div class=\"l-section-h i-cf\"><div class=\"g-cols vc_row via_flex valign_top type_default stacking_default\"><div class=\"vc_col-sm-12 wpb_column vc_column_container\"><div class=\"vc_column-inner\"><div class=\"wpb_wrapper\"><div class=\"w-slider style_none fit_cover\"><div class=\"w-slider-h\"><div class=\"royalSlider\"><div class=\"rsContent\"><a class=\"rsImg\" data-rsw=\"1920\" data-rsh=\"1080\" data-rsBigImg=\"https:\/\/www.horex.com\/bilder\/9981-horex-1024x576-1.jpg\" href=\"https:\/\/www.horex.com\/bilder\/9981-horex-1024x576-1.jpg\"><span data-alt=\"\"><\/span><\/a><\/div><div class=\"rsContent\"><a class=\"rsImg\" data-rsw=\"1920\" data-rsh=\"1080\" data-rsBigImg=\"https:\/\/www.horex.com\/bilder\/horex-vr6-silver-edition-16.jpg\" href=\"https:\/\/www.horex.com\/bilder\/horex-vr6-silver-edition-16.jpg\"><span data-alt=\"\"><\/span><\/a><\/div><div class=\"rsContent\"><a class=\"rsImg\" data-rsw=\"1920\" data-rsh=\"1080\" data-rsBigImg=\"https:\/\/www.horex.com\/bilder\/horex-vr6-silver-edition-17.jpg\" href=\"https:\/\/www.horex.com\/bilder\/horex-vr6-silver-edition-17.jpg\"><span data-alt=\"\"><\/span><\/a><\/div><div class=\"rsContent\"><a class=\"rsImg\" data-rsw=\"1500\" data-rsh=\"844\" data-rsBigImg=\"https:\/\/www.horex.com\/bilder\/horex-vr6-silver-edition-15.jpg\" href=\"https:\/\/www.horex.com\/bilder\/horex-vr6-silver-edition-15.jpg\"><span data-alt=\"\"><\/span><\/a><\/div><div class=\"rsContent\"><a class=\"rsImg\" data-rsw=\"1500\" data-rsh=\"630\" data-rsBigImg=\"https:\/\/www.horex.com\/bilder\/horex-vr6-silver-edition-5.jpg\" href=\"https:\/\/www.horex.com\/bilder\/horex-vr6-silver-edition-5.jpg\"><span data-alt=\"\"><\/span><\/a><\/div><div class=\"rsContent\"><a class=\"rsImg\" data-rsw=\"1500\" data-rsh=\"630\" data-rsBigImg=\"https:\/\/www.horex.com\/bilder\/horex-vr6-silver-edition-7.jpg\" href=\"https:\/\/www.horex.com\/bilder\/horex-vr6-silver-edition-7.jpg\"><span data-alt=\"\"><\/span><\/a><\/div><div class=\"rsContent\"><a class=\"rsImg\" data-rsw=\"1500\" data-rsh=\"844\" data-rsBigImg=\"https:\/\/www.horex.com\/bilder\/horex-vr6-silver-edition-13.jpg\" href=\"https:\/\/www.horex.com\/bilder\/horex-vr6-silver-edition-13.jpg\"><span data-alt=\"\"><\/span><\/a><\/div><div class=\"rsContent\"><a class=\"rsImg\" data-rsw=\"1400\" data-rsh=\"588\" data-rsBigImg=\"https:\/\/www.horex.com\/bilder\/horex-vr6-silver-edition-2.jpg\" href=\"https:\/\/www.horex.com\/bilder\/horex-vr6-silver-edition-2.jpg\"><span data-alt=\"\"><\/span><\/a><\/div><div class=\"rsContent\"><a class=\"rsImg\" data-rsw=\"1500\" data-rsh=\"630\" data-rsBigImg=\"https:\/\/www.horex.com\/bilder\/horex-vr6-silver-edition-3.jpg\" href=\"https:\/\/www.horex.com\/bilder\/horex-vr6-silver-edition-3.jpg\"><span data-alt=\"\"><\/span><\/a><\/div><div class=\"rsContent\"><a class=\"rsImg\" data-rsw=\"1400\" data-rsh=\"588\" data-rsBigImg=\"https:\/\/www.horex.com\/bilder\/horex-vr6-silver-edition-6.jpg\" href=\"https:\/\/www.horex.com\/bilder\/horex-vr6-silver-edition-6.jpg\"><span data-alt=\"\"><\/span><\/a><\/div><div class=\"rsContent\"><a class=\"rsImg\" data-rsw=\"1500\" data-rsh=\"844\" data-rsBigImg=\"https:\/\/www.horex.com\/bilder\/horex-vr6-silver-edition-12.jpg\" href=\"https:\/\/www.horex.com\/bilder\/horex-vr6-silver-edition-12.jpg\"><span data-alt=\"\"><\/span><\/a><\/div><\/div><img decoding=\"async\" src=\"https:\/\/www.horex.com\/bilder\/9981-horex-1024x576-1.jpg\" width=\"1920\" height=\"1080\" alt loading=\"lazy\"><\/div><div class=\"w-slider-json\" onclick='return {&quot;autoScaleSlider&quot;:true,&quot;loop&quot;:true,&quot;fadeInLoadedSlide&quot;:false,&quot;slidesSpacing&quot;:0,&quot;imageScalePadding&quot;:0,&quot;numImagesToPreload&quot;:2,&quot;arrowsNav&quot;:true,&quot;arrowsNavAutoHide&quot;:false,&quot;transitionType&quot;:&quot;move&quot;,&quot;transitionSpeed&quot;:250,&quot;block&quot;:{&quot;moveEffect&quot;:&quot;none&quot;,&quot;speed&quot;:300},&quot;thumbs&quot;:{&quot;fitInViewport&quot;:false},&quot;controlNavigation&quot;:&quot;none&quot;,&quot;autoplay&quot;:{&quot;enabled&quot;:true,&quot;pauseOnHover&quot;:true,&quot;delay&quot;:3000},&quot;fullscreen&quot;:{&quot;enabled&quot;:true},&quot;imageScaleMode&quot;:&quot;fill&quot;,&quot;autoScaleSliderWidth&quot;:1920,&quot;autoScaleSliderHeight&quot;:1080}'><\/div><\/div><\/div><\/div><\/div><\/div><\/div><\/section><section class=\"l-section wpb_row height_medium color_secondary with_img\"><div class=\"l-section-img\" data-img-width=\"1920\" data-img-height=\"881\" style=\"background-image: url(https:\/\/www.horex.com\/bilder\/horex-betonhintergrund-v2.jpg);\"><\/div><div class=\"l-section-overlay\" style=\"background:rgba(0,0,0,0.69)\"><\/div><div class=\"l-section-h i-cf\"><div class=\"g-cols vc_row via_flex valign_top type_default stacking_default\"><div class=\"vc_col-sm-12 wpb_column vc_column_container\"><div class=\"vc_column-inner\"><div class=\"wpb_wrapper\"><div class=\"g-cols wpb_row via_flex valign_top type_default stacking_default\"><div class=\"vc_col-sm-6 wpb_column vc_column_container\"><div class=\"vc_column-inner\"><div class=\"wpb_wrapper\"><div class=\"wpb_text_column\"><div class=\"wpb_wrapper\"><h3>Serie speciali limitate<\/h3>\n<p>&nbsp;<\/p>\n<p>La HOREX VR6 Silver Edition ha segnato il ritorno di un grande marchio della tradizione motociclistica tedesca nel mercato mondiale. Sotto la nuova gestione della 3C-Carbon-Group AG, la moto \u00e8 stata totalmente riprogettata senza compromessi. Il risultato \u00e8 una serie speciale limitata a soli 33 esemplari, che ha definito un nuovo standard qualitativo nel segmento delle moto premium. Questo esclusivo modello, al pari della versione Black Edition, sono stati i precursori della gamma di serie attuale (Classic, Caf\u00e8 Racer e Raw).<\/p>\n<\/div><\/div><\/div><\/div><\/div><div class=\"vc_col-sm-6 wpb_column vc_column_container\"><div class=\"vc_column-inner\"><div class=\"wpb_wrapper\"><div class=\"wpb_text_column\"><div class=\"wpb_wrapper\"><h3>Caratteristiche e dettagli<\/h3>\n<p><strong>\u00a0<\/strong><\/p>\n<p><strong>Motore:<\/strong> VR6<br \/>\n<strong>Cilindrata:<\/strong> 1218 cc<br \/>\n<strong>Potenza massima:<\/strong> 170 CV (125 kW)<br \/>\n<strong>Coppia max.:<\/strong> 128 Nm<br \/>\n<strong>Cambio:<\/strong>\u00a0a sei marce<br \/>\n<strong>Peso:<\/strong> 221 kg a secco<\/p>\n<p><strong>\u00a0<\/strong><\/p>\n<p><strong>Telaio supplementare: <\/strong>monoscocca in fibra di carbonio<br \/>\n<strong>Impianto di scarico:<\/strong>\u00a0in acciaio inox ad alta resistanza<br \/>\n<strong>Sospensioni: <\/strong>forcella\u00a0\u00d6hlins a steli rovesciati (43 mm), armortizzatore \u00d6hlins TTX36 GP<br \/>\n<strong>Freni:<\/strong>\u00a0pinze Brembo M50 a quattro pistoncini contrapposti, posteriore pinza Brembo P2.34<br \/>\n<strong>Ruote:<\/strong>\u00a0in alluminio a raggi &#8211; Kineo personilazzate in esclusiva per HOREX<br \/>\n<strong>ABS-System:<\/strong>\u00a0Bosch MP9<br \/>\n<strong>Strumentazione:<\/strong>\u00a0schermo LED di altissima definizione<br \/>\n<strong>Luci:<\/strong>\u00a0Proiettore, luci posteriori e indicatori di direzione con tecnologia LED<br \/>\n<strong>Sella:<\/strong>\u00a0in due pezzi rivestita in vera pelle. Scafo in carbonio rinforzato<\/p>\n<\/div><\/div><\/div><\/div><\/div><\/div><\/div><\/div><\/div><\/div><\/div><\/section><section class=\"l-section wpb_row height_medium\"><div class=\"l-section-h i-cf\"><div class=\"g-cols vc_row via_flex valign_top type_default stacking_default\"><div class=\"vc_col-sm-6 wpb_column vc_column_container\"><div class=\"vc_column-inner\"><div class=\"wpb_wrapper\"><div class=\"wpb_text_column\"><div class=\"wpb_wrapper\"><h1>HOREX\u00a0PRESENTA LA VR6 SILVER EDITION ALLA IAA DI FRANCOFORTE:<\/h1>\n<\/div><\/div><div class=\"w-separator size_medium\"><\/div><div class=\"wpb_text_column\"><div class=\"wpb_wrapper\"><p>Lo spettacolare ritorno di HOREX sul palcoscenico mondiale non poteva che essere celebrato nella pi\u00f9 grande rassegna motoristica del mondo, il salone dell\u00b4auto di Francoforte IAA. Qui, nel 2015, la casa di Landsberg am Lech ha presentato in anteprima mondiale la HOREX VR6 Silver Edition, realizzata in tiratura limitata di soli 33 esemplari che ha definito un nuovi standard qualitativi e tecnologici nel segmento delle moto premium. Questa versione ha indicato la strada da seguire ai successivi modelli prodotti in serie, presentati nella primavera del 2016.<\/p>\n<p>&nbsp;<\/p>\n<p>La <u><a href=\"https:\/\/de.pons.com\/\u00fcbersetzung\/englisch-deutsch\/HOREX\">HOREX<\/a><\/u> <u><a href=\"https:\/\/de.pons.com\/\u00fcbersetzung\/englisch-deutsch\/VR6\">VR6<\/a><\/u> <u><a href=\"https:\/\/de.pons.com\/\u00fcbersetzung\/englisch-deutsch\/Silver\">Silver<\/a><\/u> <u><a href=\"https:\/\/de.pons.com\/\u00fcbersetzung\/englisch-deutsch\/Edition\">Edition<\/a><\/u> \u00e8 una power-cruiser di altissima gamma che colpisce non solo per le sue soluzioni tecniche ma anche per la sua lucidit\u00e0 progettuale. Sebbene sia stata progettata per essere una biposto, la moto pu\u00f2 essere facilmente riconvertita in monoposto. Questa \u00e8 solo una delle tante possibilit\u00e0 di personalizzazione offerte dal progetto VR6.<\/p>\n<\/div><\/div><\/div><\/div><\/div><div class=\"vc_col-sm-6 wpb_column vc_column_container\"><div class=\"vc_column-inner\"><div class=\"wpb_wrapper\"><div class=\"w-image align_none\"><div class=\"w-image-h\"><img loading=\"lazy\" decoding=\"async\" width=\"1024\" height=\"683\" src=\"https:\/\/www.horex.com\/bilder\/horex_iaa15-1792_web-1030x687-1024x683.jpg\" class=\"attachment-large size-large\" alt=\"\" srcset=\"https:\/\/www.horex.com\/bilder\/horex_iaa15-1792_web-1030x687-1024x683.jpg 1024w, https:\/\/www.horex.com\/bilder\/horex_iaa15-1792_web-1030x687-300x200.jpg 300w, https:\/\/www.horex.com\/bilder\/horex_iaa15-1792_web-1030x687-768x512.jpg 768w, https:\/\/www.horex.com\/bilder\/horex_iaa15-1792_web-1030x687-600x400.jpg 600w, https:\/\/www.horex.com\/bilder\/horex_iaa15-1792_web-1030x687.jpg 1030w\" sizes=\"auto, (max-width: 1024px) 100vw, 1024px\" \/><\/div><\/div><\/div><\/div><\/div><\/div><\/div><\/section><section class=\"l-section wpb_row height_medium\"><div class=\"l-section-h i-cf\"><div class=\"g-cols vc_row via_flex valign_top type_default stacking_default\"><div class=\"vc_col-sm-6 wpb_column vc_column_container\"><div class=\"vc_column-inner\"><div class=\"wpb_wrapper\"><\/div><\/div><\/div><\/div><\/div><\/section><section class=\"l-section wpb_row height_medium color_alternate\"><div class=\"l-section-overlay\" style=\"background:#000000\"><\/div><div class=\"l-section-h i-cf\"><div class=\"g-cols vc_row via_flex valign_top type_default stacking_default\"><div class=\"vc_col-sm-5 vc_col-xs-12 wpb_column vc_column_container\"><div class=\"vc_column-inner\"><div class=\"wpb_wrapper\"><\/div><\/div><\/div><div class=\"vc_col-sm-2 vc_col-xs-12 wpb_column vc_column_container has_text_color\"><div class=\"vc_column-inner us_custom_6df4bc3a\"><div class=\"wpb_wrapper\"><div class=\"w-person layout_circle\" itemscope itemtype=\"https:\/\/schema.org\/Person\"><div class=\"w-person-image\"><a href=\"https:\/\/www.horex.com\/it\/contatti\/\" class=\"w-person-link\" aria-label=\"Contatti\"><img loading=\"lazy\" decoding=\"async\" width=\"1024\" height=\"1024\" src=\"https:\/\/www.horex.com\/bilder\/horex-kontaktformular-schwarz-1024x1024.png\" class=\"attachment-large size-large\" alt=\"\" srcset=\"https:\/\/www.horex.com\/bilder\/horex-kontaktformular-schwarz-1024x1024.png 1024w, https:\/\/www.horex.com\/bilder\/horex-kontaktformular-schwarz-150x150.png 150w, https:\/\/www.horex.com\/bilder\/horex-kontaktformular-schwarz-300x300.png 300w, https:\/\/www.horex.com\/bilder\/horex-kontaktformular-schwarz-768x768.png 768w, https:\/\/www.horex.com\/bilder\/horex-kontaktformular-schwarz-100x100.png 100w, https:\/\/www.horex.com\/bilder\/horex-kontaktformular-schwarz-600x600.png 600w, https:\/\/www.horex.com\/bilder\/horex-kontaktformular-schwarz-180x180.png 180w, https:\/\/www.horex.com\/bilder\/horex-kontaktformular-schwarz-350x350.png 350w, https:\/\/www.horex.com\/bilder\/horex-kontaktformular-schwarz.png 1095w\" sizes=\"auto, (max-width: 1024px) 100vw, 1024px\" \/><div class=\"img_hover\" style=\"background-image:url(https:\/\/www.horex.com\/bilder\/horex-kontaktformular-rot-1024x1024.png)\"><\/div><\/a><\/div><div class=\"w-person-content\"><a href=\"https:\/\/www.horex.com\/it\/contatti\/\" class=\"w-person-link\" aria-label=\"Contatti\"><h4 itemprop=\"name\" class=\"w-person-name\"><span>Contatti<\/span><\/h4><\/a><\/div><\/div><\/div><\/div><\/div><div class=\"vc_col-sm-5 wpb_column vc_column_container has_text_color\"><div class=\"vc_column-inner us_custom_6df4bc3a\"><div class=\"wpb_wrapper\"><\/div><\/div><\/div><\/div><\/div><\/section><section class=\"l-section wpb_row us_custom_397ed6c6 has_text_color height_small\"><div class=\"l-section-h i-cf\"><div class=\"g-cols vc_row via_flex valign_top type_boxes stacking_default\" style=\"--additional-gap:2px;\"><div class=\"vc_col-sm-2 vc_col-xs-12 wpb_column vc_column_container\"><div class=\"vc_column-inner us_custom_7d5e32d4\"><div class=\"wpb_wrapper\"><span id=\"creative-link-wrap-1767\" class=\"ult_main_cl ult-adjust-bottom-margin  \" >\n\t \t\t\t<span class=\"ult_cl_link_3  ult_crlink\" >\n\t\t\t\t\t<a  data-ultimate-target='#creative-link-wrap-1767 .ult_colorlink'  data-responsive-json-new='{\"font-size\":\"\",\"line-height\":\"\"}'  href=\"https:\/\/www.horex.com\/it\/modelli\/horex-vr6-classic\/\"  class=\"ult_colorlink ult-responsive \" style=\"font-family:Oswald;font-weight:normal; \"  data-textcolor=\"#ffffff\" data-texthover=\"#d8282f\"data-style=\"Style_3\">\n\t\t\t\t\t\t\n\t\t\t\t\t\t<span data-hover=\"VR6 CLASSIC\" style=\"color:#ffffff;;;\" class=\"ult_btn10_span   \">VR6 CLASSIC<\/span>\n\t\t\t\t\t\t<span class=\"ult_link_btm3 \" style=\"border-color:#d8282f;border-bottom-width:1px;border-style:solid;\"><\/span>\n\t\t\t\t\t<\/a>\n\t\t\t\t<\/span>\n\t\t\t<\/span><\/div><\/div><\/div><div class=\"vc_col-sm-2 vc_col-xs-12 wpb_column vc_column_container\"><div class=\"vc_column-inner us_custom_7d5e32d4\"><div class=\"wpb_wrapper\"><span id=\"creative-link-wrap-2533\" class=\"ult_main_cl ult-adjust-bottom-margin  \" >\n\t \t\t\t<span class=\"ult_cl_link_3  ult_crlink\" >\n\t\t\t\t\t<a  data-ultimate-target='#creative-link-wrap-2533 .ult_colorlink'  data-responsive-json-new='{\"font-size\":\"\",\"line-height\":\"\"}'  href=\"https:\/\/www.horex.com\/it\/modelli\/horex-vr6-cafe-racer\/\"  class=\"ult_colorlink ult-responsive \" style=\"font-family:Oswald;font-weight:normal; \"  data-textcolor=\"#ffffff\" data-texthover=\"#d8282f\"data-style=\"Style_3\">\n\t\t\t\t\t\t\n\t\t\t\t\t\t<span data-hover=\"VR6 CAFE RACER\" style=\"color:#ffffff;;;\" class=\"ult_btn10_span   \">VR6 CAFE RACER<\/span>\n\t\t\t\t\t\t<span class=\"ult_link_btm3 \" style=\"border-color:#d8282f;border-bottom-width:1px;border-style:solid;\"><\/span>\n\t\t\t\t\t<\/a>\n\t\t\t\t<\/span>\n\t\t\t<\/span><\/div><\/div><\/div><div class=\"vc_col-sm-2 vc_col-xs-12 wpb_column vc_column_container\"><div class=\"vc_column-inner us_custom_7d5e32d4\"><div class=\"wpb_wrapper\"><span id=\"creative-link-wrap-7918\" class=\"ult_main_cl ult-adjust-bottom-margin  \" >\n\t \t\t\t<span class=\"ult_cl_link_3  ult_crlink\" >\n\t\t\t\t\t<a  data-ultimate-target='#creative-link-wrap-7918 .ult_colorlink'  data-responsive-json-new='{\"font-size\":\"\",\"line-height\":\"\"}'  href=\"http:\/\/konfigurator.horex.com\" target=\"_blank\" rel=\"noopener\"  class=\"ult_colorlink ult-responsive \" style=\"font-family:Oswald;font-weight:normal; \"  data-textcolor=\"#ffffff\" data-texthover=\"#d8282f\"data-style=\"Style_3\">\n\t\t\t\t\t\t\n\t\t\t\t\t\t<span data-hover=\"CONFIGURATORE\" style=\"color:#ffffff;;;\" class=\"ult_btn10_span   \">CONFIGURATORE<\/span>\n\t\t\t\t\t\t<span class=\"ult_link_btm3 \" style=\"border-color:#d8282f;border-bottom-width:1px;border-style:solid;\"><\/span>\n\t\t\t\t\t<\/a>\n\t\t\t\t<\/span>\n\t\t\t<\/span><\/div><\/div><\/div><div class=\"vc_col-sm-2 vc_col-xs-12 wpb_column vc_column_container\"><div class=\"vc_column-inner us_custom_7d5e32d4\"><div class=\"wpb_wrapper\"><span id=\"creative-link-wrap-1758\" class=\"ult_main_cl ult-adjust-bottom-margin  \" >\n\t \t\t\t<span class=\"ult_cl_link_3  ult_crlink\" >\n\t\t\t\t\t<a  data-ultimate-target='#creative-link-wrap-1758 .ult_colorlink'  data-responsive-json-new='{\"font-size\":\"\",\"line-height\":\"\"}'  href=\"https:\/\/www.horex.com\/it\/horex-vr6-silver-edition\/\"  class=\"ult_colorlink ult-responsive \" style=\"font-family:Oswald;font-weight:normal; \"  data-textcolor=\"#ffffff\" data-texthover=\"#d8282f\"data-style=\"Style_3\">\n\t\t\t\t\t\t\n\t\t\t\t\t\t<span data-hover=\"VR6 SILVER EDITION\" style=\"color:#ffffff;;;\" class=\"ult_btn10_span   \">VR6 SILVER EDITION<\/span>\n\t\t\t\t\t\t<span class=\"ult_link_btm3 \" style=\"border-color:#d8282f;border-bottom-width:1px;border-style:solid;\"><\/span>\n\t\t\t\t\t<\/a>\n\t\t\t\t<\/span>\n\t\t\t<\/span><\/div><\/div><\/div><div class=\"vc_col-sm-2 vc_col-xs-12 wpb_column vc_column_container\"><div class=\"vc_column-inner us_custom_7d5e32d4\"><div class=\"wpb_wrapper\"><span id=\"creative-link-wrap-8296\" class=\"ult_main_cl ult-adjust-bottom-margin  \" >\n\t \t\t\t<span class=\"ult_cl_link_3  ult_crlink\" >\n\t\t\t\t\t<a  data-ultimate-target='#creative-link-wrap-8296 .ult_colorlink'  data-responsive-json-new='{\"font-size\":\"\",\"line-height\":\"\"}'  href=\"https:\/\/www.horex.com\/it\/horex-vr6-black-edition\/\"  class=\"ult_colorlink ult-responsive \" style=\"font-family:Oswald;font-weight:normal; \"  data-textcolor=\"#ffffff\" data-texthover=\"#d8282f\"data-style=\"Style_3\">\n\t\t\t\t\t\t\n\t\t\t\t\t\t<span data-hover=\"VR6 BLACK EDITION\" style=\"color:#ffffff;;;\" class=\"ult_btn10_span   \">VR6 BLACK EDITION<\/span>\n\t\t\t\t\t\t<span class=\"ult_link_btm3 \" style=\"border-color:#d8282f;border-bottom-width:1px;border-style:solid;\"><\/span>\n\t\t\t\t\t<\/a>\n\t\t\t\t<\/span>\n\t\t\t<\/span><\/div><\/div><\/div><div class=\"vc_col-sm-2 vc_col-xs-12 wpb_column vc_column_container\"><div class=\"vc_column-inner us_custom_7d5e32d4\"><div class=\"wpb_wrapper\"><span id=\"creative-link-wrap-6985\" class=\"ult_main_cl ult-adjust-bottom-margin  \" >\n\t \t\t\t<span class=\"ult_cl_link_3  ult_crlink\" >\n\t\t\t\t\t<a  data-ultimate-target='#creative-link-wrap-6985 .ult_colorlink'  data-responsive-json-new='{\"font-size\":\"\",\"line-height\":\"\"}'  href=\"https:\/\/www.horex.com\/it\/horex-vr6-snowdance\/\"  class=\"ult_colorlink ult-responsive \" style=\"font-family:Oswald;font-weight:normal; \"  data-textcolor=\"#ffffff\" data-texthover=\"#d8282f\"data-style=\"Style_3\">\n\t\t\t\t\t\t\n\t\t\t\t\t\t<span data-hover=\"VR6 SNOWDANCE\" style=\"color:#ffffff;;;\" class=\"ult_btn10_span   \">VR6 SNOWDANCE<\/span>\n\t\t\t\t\t\t<span class=\"ult_link_btm3 \" style=\"border-color:#d8282f;border-bottom-width:1px;border-style:solid;\"><\/span>\n\t\t\t\t\t<\/a>\n\t\t\t\t<\/span>\n\t\t\t<\/span><\/div><\/div><\/div><\/div><\/div><\/section>\n","protected":false},"excerpt":{"rendered":"HOREX VR6\u00a0Silver Edition Serie speciali limitate &nbsp; La HOREX VR6 Silver Edition ha segnato il ritorno di un grande marchio della tradizione motociclistica tedesca nel mercato mondiale. Sotto la nuova...","protected":false},"author":976060,"featured_media":0,"parent":0,"menu_order":0,"comment_status":"closed","ping_status":"closed","template":"","meta":{"footnotes":""},"class_list":["post-7194","page","type-page","status-publish","hentry"],"yoast_head":"<!-- This site is optimized with the Yoast SEO plugin v27.3 - https:\/\/yoast.com\/product\/yoast-seo-wordpress\/ -->\n<title>HOREX VR6 Silver Edition - HOREX - Der Ma\u00dfstab seit 1923<\/title>\n<meta name=\"robots\" content=\"noindex, follow, max-snippet:-1, max-image-preview:large, max-video-preview:-1\" \/>\n<meta property=\"og:locale\" content=\"it_IT\" \/>\n<meta property=\"og:type\" content=\"article\" \/>\n<meta property=\"og:title\" content=\"HOREX VR6 Silver Edition - HOREX - Der Ma\u00dfstab seit 1923\" \/>\n<meta property=\"og:url\" content=\"https:\/\/www.horex.com\/it\/horex-vr6-silver-edition\/\" \/>\n<meta property=\"og:site_name\" content=\"HOREX - Der Ma\u00dfstab seit 1923\" \/>\n<meta property=\"article:modified_time\" content=\"2020-02-18T12:22:37+00:00\" \/>\n<meta name=\"twitter:card\" content=\"summary_large_image\" \/>\n<meta name=\"twitter:label1\" content=\"Tempo di lettura stimato\" \/>\n\t<meta name=\"twitter:data1\" content=\"6 minuti\" \/>\n<script type=\"application\/ld+json\" class=\"yoast-schema-graph\">{\"@context\":\"https:\\\/\\\/schema.org\",\"@graph\":[{\"@type\":\"WebPage\",\"@id\":\"https:\\\/\\\/www.horex.com\\\/it\\\/horex-vr6-silver-edition\\\/\",\"url\":\"https:\\\/\\\/www.horex.com\\\/it\\\/horex-vr6-silver-edition\\\/\",\"name\":\"HOREX VR6 Silver Edition - HOREX - Der Ma\u00dfstab seit 1923\",\"isPartOf\":{\"@id\":\"https:\\\/\\\/www.horex.com\\\/#website\"},\"datePublished\":\"2017-06-19T14:02:37+00:00\",\"dateModified\":\"2020-02-18T12:22:37+00:00\",\"breadcrumb\":{\"@id\":\"https:\\\/\\\/www.horex.com\\\/it\\\/horex-vr6-silver-edition\\\/#breadcrumb\"},\"inLanguage\":\"it-IT\",\"potentialAction\":[{\"@type\":\"ReadAction\",\"target\":[\"https:\\\/\\\/www.horex.com\\\/it\\\/horex-vr6-silver-edition\\\/\"]}]},{\"@type\":\"BreadcrumbList\",\"@id\":\"https:\\\/\\\/www.horex.com\\\/it\\\/horex-vr6-silver-edition\\\/#breadcrumb\",\"itemListElement\":[{\"@type\":\"ListItem\",\"position\":1,\"name\":\"Startseite\",\"item\":\"https:\\\/\\\/www.horex.com\\\/it\\\/\"},{\"@type\":\"ListItem\",\"position\":2,\"name\":\"HOREX VR6 Silver Edition\"}]},{\"@type\":\"WebSite\",\"@id\":\"https:\\\/\\\/www.horex.com\\\/#website\",\"url\":\"https:\\\/\\\/www.horex.com\\\/\",\"name\":\"HOREX - Der Ma\u00dfstab seit 1923\",\"description\":\"\",\"potentialAction\":[{\"@type\":\"SearchAction\",\"target\":{\"@type\":\"EntryPoint\",\"urlTemplate\":\"https:\\\/\\\/www.horex.com\\\/?s={search_term_string}\"},\"query-input\":{\"@type\":\"PropertyValueSpecification\",\"valueRequired\":true,\"valueName\":\"search_term_string\"}}],\"inLanguage\":\"it-IT\"}]}<\/script>\n<!-- \/ Yoast SEO plugin. -->","yoast_head_json":{"title":"HOREX VR6 Silver Edition - HOREX - Der Ma\u00dfstab seit 1923","robots":{"index":"noindex","follow":"follow","max-snippet":"max-snippet:-1","max-image-preview":"max-image-preview:large","max-video-preview":"max-video-preview:-1"},"og_locale":"it_IT","og_type":"article","og_title":"HOREX VR6 Silver Edition - HOREX - Der Ma\u00dfstab seit 1923","og_url":"https:\/\/www.horex.com\/it\/horex-vr6-silver-edition\/","og_site_name":"HOREX - Der Ma\u00dfstab seit 1923","article_modified_time":"2020-02-18T12:22:37+00:00","twitter_card":"summary_large_image","twitter_misc":{"Tempo di lettura stimato":"6 minuti"},"schema":{"@context":"https:\/\/schema.org","@graph":[{"@type":"WebPage","@id":"https:\/\/www.horex.com\/it\/horex-vr6-silver-edition\/","url":"https:\/\/www.horex.com\/it\/horex-vr6-silver-edition\/","name":"HOREX VR6 Silver Edition - HOREX - Der Ma\u00dfstab seit 1923","isPartOf":{"@id":"https:\/\/www.horex.com\/#website"},"datePublished":"2017-06-19T14:02:37+00:00","dateModified":"2020-02-18T12:22:37+00:00","breadcrumb":{"@id":"https:\/\/www.horex.com\/it\/horex-vr6-silver-edition\/#breadcrumb"},"inLanguage":"it-IT","potentialAction":[{"@type":"ReadAction","target":["https:\/\/www.horex.com\/it\/horex-vr6-silver-edition\/"]}]},{"@type":"BreadcrumbList","@id":"https:\/\/www.horex.com\/it\/horex-vr6-silver-edition\/#breadcrumb","itemListElement":[{"@type":"ListItem","position":1,"name":"Startseite","item":"https:\/\/www.horex.com\/it\/"},{"@type":"ListItem","position":2,"name":"HOREX VR6 Silver Edition"}]},{"@type":"WebSite","@id":"https:\/\/www.horex.com\/#website","url":"https:\/\/www.horex.com\/","name":"HOREX - Der Ma\u00dfstab seit 1923","description":"","potentialAction":[{"@type":"SearchAction","target":{"@type":"EntryPoint","urlTemplate":"https:\/\/www.horex.com\/?s={search_term_string}"},"query-input":{"@type":"PropertyValueSpecification","valueRequired":true,"valueName":"search_term_string"}}],"inLanguage":"it-IT"}]}},"_links":{"self":[{"href":"https:\/\/www.horex.com\/it\/wp-json\/wp\/v2\/pages\/7194","targetHints":{"allow":["GET"]}}],"collection":[{"href":"https:\/\/www.horex.com\/it\/wp-json\/wp\/v2\/pages"}],"about":[{"href":"https:\/\/www.horex.com\/it\/wp-json\/wp\/v2\/types\/page"}],"author":[{"embeddable":true,"href":"https:\/\/www.horex.com\/it\/wp-json\/wp\/v2\/users\/976060"}],"replies":[{"embeddable":true,"href":"https:\/\/www.horex.com\/it\/wp-json\/wp\/v2\/comments?post=7194"}],"version-history":[{"count":0,"href":"https:\/\/www.horex.com\/it\/wp-json\/wp\/v2\/pages\/7194\/revisions"}],"wp:attachment":[{"href":"https:\/\/www.horex.com\/it\/wp-json\/wp\/v2\/media?parent=7194"}],"curies":[{"name":"wp","href":"https:\/\/api.w.org\/{rel}","templated":true}]}}