{"id":7103,"date":"2017-08-01T20:57:33","date_gmt":"2017-08-01T18:57:33","guid":{"rendered":"http:\/\/www.horex.com\/service\/"},"modified":"2020-02-19T10:20:54","modified_gmt":"2020-02-19T09:20:54","slug":"servizio-assistenza","status":"publish","type":"page","link":"https:\/\/www.horex.com\/it\/servizio-assistenza\/","title":{"rendered":"SERVIZIO ASSISTENZA"},"content":{"rendered":"<section class=\"l-section wpb_row height_medium\"><div class=\"l-section-h i-cf\"><div class=\"g-cols vc_row via_flex valign_top type_default stacking_default\"><div class=\"vc_col-sm-12 wpb_column vc_column_container\"><div class=\"vc_column-inner\"><div class=\"wpb_wrapper\"><div class=\"wpb_text_column\"><div class=\"wpb_wrapper\"><h1 style=\"text-align: center;\">Assistenza<\/h1>\n<\/div><\/div><div class=\"w-separator size_large\"><\/div><div class=\"g-cols wpb_row via_flex valign_top type_default stacking_default\"><div class=\"vc_col-sm-12 wpb_column vc_column_container has_text_color has_bg_color\"><div class=\"vc_column-inner us_custom_081cf180\"><div class=\"wpb_wrapper\"><div class=\"wpb_text_column\"><div class=\"wpb_wrapper\"><h2 style=\"text-align: center;\">L&#8217;IMPEGNO DEL SERVIZIO ASSISTENZA HOREX<\/h2>\n<\/div><\/div><div class=\"w-separator size_small\"><\/div><div class=\"wpb_text_column us_custom_17c9b057\"><div class=\"wpb_wrapper\"><p>La pi\u00f9 alta soddisfazione del nostro cliente richiede un livello di perfezione tecnica assoluta coadiuvato da un adeguato servizio di assistenza.<\/p>\n<p>I clienti HOREX hanno la possibilit\u00e0 di scegliere tra le seguenti soluzioni di assistenza personalizzata:<\/p>\n<\/div><\/div><\/div><\/div><\/div><\/div><div class=\"w-separator size_medium\"><\/div><div class=\"wpb_text_column\"><div class=\"wpb_wrapper\"><h3 style=\"text-align: center;\">Servizio presso un concessionario HOREX esclusivo<\/h3>\n<h3 style=\"text-align: center;\">Servizio\u00a0presso le filiali HOREX di Bad Homburg, Landsberg am Lech e Ingolstadt<\/h3>\n<\/div><\/div><div class=\"w-separator size_small\"><\/div><\/div><\/div><\/div><\/div><\/div><\/section><section class=\"l-section wpb_row height_medium with_img parallax_fixed\"><div class=\"l-section-img\" data-img-width=\"1920\" data-img-height=\"1080\" style=\"background-image: url(https:\/\/www.horex.com\/bilder\/1576_horex_testing.jpg);background-repeat: no-repeat;\"><\/div><div class=\"l-section-h i-cf\"><div class=\"g-cols vc_row via_flex valign_top type_default stacking_default\"><div class=\"vc_col-sm-12 wpb_column vc_column_container has_text_color\"><div class=\"vc_column-inner us_custom_6df4bc3a\"><div class=\"wpb_wrapper\"><div class=\"w-separator size_custom\" style=\"height:350px\"><\/div><\/div><\/div><\/div><\/div><\/div><\/section><section class=\"l-section wpb_row height_auto width_full color_alternate with_img parallax_ver\" id=\"ritiro-e-consegna\"><div class=\"l-section-img\" data-img-width=\"850\" data-img-height=\"638\" style=\"background-image: url(https:\/\/www.horex.com\/bilder\/20170604_210233_winterservice_low.png);background-repeat: no-repeat;\"><\/div><div class=\"l-section-h i-cf\"><div class=\"g-cols vc_row via_flex valign_top type_default stacking_default\"><div class=\"vc_col-sm-12 wpb_column vc_column_container\"><div class=\"vc_column-inner\"><div class=\"wpb_wrapper\"><div class=\"g-cols wpb_row via_flex valign_top type_default stacking_default\"><div class=\"vc_col-sm-12 wpb_column vc_column_container has_text_color has_bg_color\"><div class=\"vc_column-inner us_custom_081cf180\"><div class=\"wpb_wrapper\"><div class=\"w-separator size_small\"><\/div><div class=\"wpb_text_column\"><div class=\"wpb_wrapper\"><h3 style=\"text-align: center;\"><span style=\"color: #000000;\">Servizio ritiro e consegna<\/span><\/h3>\n<\/div><\/div><div class=\"w-separator size_small\"><\/div><div class=\"wpb_text_column us_custom_17c9b057\"><div class=\"wpb_wrapper\"><p>Tutti i clienti HOREX possono usufruire di un servizio personalizzato di ritiro e consegna della propria VR6. E\u2019 necessario prendere un appuntamento con il nostro servizio di assistenza che si occuper\u00e0 di ritirare la vostra moto e trasportarla presso un nostro concessionario o filiale. Al termine dell\u2019intervento, la moto sar\u00e0 riconsegnata secondo le esigenze del cliente, il tutto con la massima flessibilit\u00e0 di orario possibile.<\/p>\n<\/div><\/div><div class=\"w-separator size_small\"><\/div><\/div><\/div><\/div><\/div><div class=\"w-separator size_custom\" style=\"height:500px\"><\/div><div class=\"g-cols wpb_row via_flex valign_top type_default stacking_default\" id=\"custodia-invernale\"><div class=\"vc_col-sm-12 wpb_column vc_column_container has_text_color has_bg_color\"><div class=\"vc_column-inner us_custom_081cf180\"><div class=\"wpb_wrapper\"><div class=\"w-separator size_small\"><\/div><div class=\"wpb_text_column\"><div class=\"wpb_wrapper\"><h3 style=\"text-align: center;\"><span style=\"color: #000000;\">Servizio Rimessaggio Invernale<\/span><\/h3>\n<\/div><\/div><div class=\"w-separator size_small\"><\/div><div class=\"wpb_text_column us_custom_17c9b057\"><div class=\"wpb_wrapper\"><p>Possedere una HOREX consente anche di disporre di uno speciale servizio di rimessaggio invernale. Previa prenotazione, HOREX offre la possibilit\u00e0 di custodire la propria VR6 direttamente presso la nostra fabbrica di Landsberg am Lech sotto le cure dei migliori esperti: il team HOREX.<\/p>\n<p>Le moto saranno cos\u00ec conservate al meglio durante la stagione pi\u00f9 fredda dell\u2019anno per ritornare dal cliente secondo la data prestabilita in perfetta forma ed efficienza.<\/p>\n<\/div><\/div><div class=\"w-separator size_small\"><\/div><\/div><\/div><\/div><\/div><\/div><\/div><\/div><\/div><\/div><\/section><section class=\"l-section wpb_row us_custom_4076faf9 has_text_color height_auto width_full with_img parallax_ver\" id=\"servizio-accessori\"><div class=\"l-section-img\" data-img-width=\"1280\" data-img-height=\"1280\" style=\"background-image: url(https:\/\/www.horex.com\/bilder\/horex170719_312.jpg);background-repeat: no-repeat;\"><\/div><div class=\"l-section-h i-cf\"><div class=\"g-cols vc_row via_flex valign_top type_default stacking_default\"><div class=\"vc_col-sm-12 wpb_column vc_column_container\"><div class=\"vc_column-inner\"><div class=\"wpb_wrapper\"><div class=\"w-separator size_custom\" style=\"height:500px\"><\/div><div class=\"g-cols wpb_row via_flex valign_top type_default stacking_default\"><div class=\"vc_col-sm-12 wpb_column vc_column_container has_text_color has_bg_color\"><div class=\"vc_column-inner us_custom_081cf180\"><div class=\"wpb_wrapper\"><div class=\"w-separator size_small\"><\/div><div class=\"wpb_text_column\"><div class=\"wpb_wrapper\"><h3 style=\"text-align: center;\">Linea Accessori<\/h3>\n<\/div><\/div><div class=\"w-separator size_small\"><\/div><div class=\"wpb_text_column us_custom_17c9b057\"><div class=\"wpb_wrapper\"><p>Sviluppiamo incessantemente una crescente offerta di accessori di altissima qualit\u00e0 per rendere ancora pi\u00f9 attraente e versatile la tua HOREX e aumentare il piacere die possederla e guidarla. Questa \u00e8 solo la prima selezione di quello che tu troverai nel nostro negozio online.<\/p>\n<\/div><\/div><div class=\"w-separator size_small\"><\/div><\/div><\/div><\/div><\/div><\/div><\/div><\/div><\/div><\/div><\/section><section class=\"l-section wpb_row height_medium color_alternate\"><div class=\"l-section-overlay\" style=\"background:#000000\"><\/div><div class=\"l-section-h i-cf\"><div class=\"g-cols vc_row via_flex valign_top type_default stacking_default\"><div class=\"vc_col-sm-5 vc_col-xs-12 wpb_column vc_column_container\"><div class=\"vc_column-inner\"><div class=\"wpb_wrapper\"><\/div><\/div><\/div><div class=\"vc_col-sm-2 vc_col-xs-12 wpb_column vc_column_container has_text_color\"><div class=\"vc_column-inner us_custom_6df4bc3a\"><div class=\"wpb_wrapper\"><div class=\"w-person layout_circle\" itemscope itemtype=\"https:\/\/schema.org\/Person\"><div class=\"w-person-image\"><a href=\"https:\/\/www.horex.com\/it\/shop\/\" class=\"w-person-link\" aria-label=\"SHOP\"><img loading=\"lazy\" decoding=\"async\" width=\"1024\" height=\"1024\" src=\"https:\/\/www.horex.com\/bilder\/horex-shop-schwarz-1024x1024.png\" class=\"attachment-large size-large\" alt=\"\" srcset=\"https:\/\/www.horex.com\/bilder\/horex-shop-schwarz-1024x1024.png 1024w, https:\/\/www.horex.com\/bilder\/horex-shop-schwarz-150x150.png 150w, https:\/\/www.horex.com\/bilder\/horex-shop-schwarz-300x300.png 300w, https:\/\/www.horex.com\/bilder\/horex-shop-schwarz-768x768.png 768w, https:\/\/www.horex.com\/bilder\/horex-shop-schwarz-100x100.png 100w, https:\/\/www.horex.com\/bilder\/horex-shop-schwarz-600x600.png 600w, https:\/\/www.horex.com\/bilder\/horex-shop-schwarz-350x350.png 350w, https:\/\/www.horex.com\/bilder\/horex-shop-schwarz.png 1095w\" sizes=\"auto, (max-width: 1024px) 100vw, 1024px\" \/><div class=\"img_hover\" style=\"background-image:url(https:\/\/www.horex.com\/bilder\/horex-shop-rot-1024x1024.png)\"><\/div><\/a><\/div><div class=\"w-person-content\"><a href=\"https:\/\/www.horex.com\/it\/shop\/\" class=\"w-person-link\" aria-label=\"SHOP\"><h4 itemprop=\"name\" class=\"w-person-name\"><span>SHOP<\/span><\/h4><\/a><\/div><\/div><\/div><\/div><\/div><div class=\"vc_col-sm-5 wpb_column vc_column_container has_text_color\"><div class=\"vc_column-inner us_custom_6df4bc3a\"><div class=\"wpb_wrapper\"><\/div><\/div><\/div><\/div><\/div><\/section>\n","protected":false},"excerpt":{"rendered":"Assistenza L&#8217;IMPEGNO DEL SERVIZIO ASSISTENZA HOREX La pi\u00f9 alta soddisfazione del nostro cliente richiede un livello di perfezione tecnica assoluta coadiuvato da un adeguato servizio di assistenza. I clienti HOREX...","protected":false},"author":976060,"featured_media":0,"parent":0,"menu_order":54,"comment_status":"closed","ping_status":"closed","template":"","meta":{"footnotes":""},"class_list":["post-7103","page","type-page","status-publish","hentry"],"yoast_head":"<!-- This site is optimized with the Yoast SEO plugin v27.3 - https:\/\/yoast.com\/product\/yoast-seo-wordpress\/ -->\n<title>SERVIZIO ASSISTENZA - HOREX - Der Ma\u00dfstab seit 1923<\/title>\n<meta name=\"robots\" content=\"noindex, follow, max-snippet:-1, max-image-preview:large, max-video-preview:-1\" \/>\n<meta property=\"og:locale\" content=\"it_IT\" \/>\n<meta property=\"og:type\" content=\"article\" \/>\n<meta property=\"og:title\" content=\"SERVIZIO ASSISTENZA - HOREX - Der Ma\u00dfstab seit 1923\" \/>\n<meta property=\"og:url\" content=\"https:\/\/www.horex.com\/it\/servizio-assistenza\/\" \/>\n<meta property=\"og:site_name\" content=\"HOREX - Der Ma\u00dfstab seit 1923\" \/>\n<meta property=\"article:modified_time\" content=\"2020-02-19T09:20:54+00:00\" \/>\n<meta name=\"twitter:card\" content=\"summary_large_image\" \/>\n<meta name=\"twitter:label1\" content=\"Tempo di lettura stimato\" \/>\n\t<meta name=\"twitter:data1\" content=\"4 minuti\" \/>\n<script type=\"application\/ld+json\" class=\"yoast-schema-graph\">{\"@context\":\"https:\\\/\\\/schema.org\",\"@graph\":[{\"@type\":\"WebPage\",\"@id\":\"https:\\\/\\\/www.horex.com\\\/it\\\/servizio-assistenza\\\/\",\"url\":\"https:\\\/\\\/www.horex.com\\\/it\\\/servizio-assistenza\\\/\",\"name\":\"SERVIZIO ASSISTENZA - HOREX - Der Ma\u00dfstab seit 1923\",\"isPartOf\":{\"@id\":\"https:\\\/\\\/www.horex.com\\\/#website\"},\"datePublished\":\"2017-08-01T18:57:33+00:00\",\"dateModified\":\"2020-02-19T09:20:54+00:00\",\"breadcrumb\":{\"@id\":\"https:\\\/\\\/www.horex.com\\\/it\\\/servizio-assistenza\\\/#breadcrumb\"},\"inLanguage\":\"it-IT\",\"potentialAction\":[{\"@type\":\"ReadAction\",\"target\":[\"https:\\\/\\\/www.horex.com\\\/it\\\/servizio-assistenza\\\/\"]}]},{\"@type\":\"BreadcrumbList\",\"@id\":\"https:\\\/\\\/www.horex.com\\\/it\\\/servizio-assistenza\\\/#breadcrumb\",\"itemListElement\":[{\"@type\":\"ListItem\",\"position\":1,\"name\":\"Startseite\",\"item\":\"https:\\\/\\\/www.horex.com\\\/it\\\/\"},{\"@type\":\"ListItem\",\"position\":2,\"name\":\"SERVIZIO ASSISTENZA\"}]},{\"@type\":\"WebSite\",\"@id\":\"https:\\\/\\\/www.horex.com\\\/#website\",\"url\":\"https:\\\/\\\/www.horex.com\\\/\",\"name\":\"HOREX - Der Ma\u00dfstab seit 1923\",\"description\":\"\",\"potentialAction\":[{\"@type\":\"SearchAction\",\"target\":{\"@type\":\"EntryPoint\",\"urlTemplate\":\"https:\\\/\\\/www.horex.com\\\/?s={search_term_string}\"},\"query-input\":{\"@type\":\"PropertyValueSpecification\",\"valueRequired\":true,\"valueName\":\"search_term_string\"}}],\"inLanguage\":\"it-IT\"}]}<\/script>\n<!-- \/ Yoast SEO plugin. -->","yoast_head_json":{"title":"SERVIZIO ASSISTENZA - HOREX - Der Ma\u00dfstab seit 1923","robots":{"index":"noindex","follow":"follow","max-snippet":"max-snippet:-1","max-image-preview":"max-image-preview:large","max-video-preview":"max-video-preview:-1"},"og_locale":"it_IT","og_type":"article","og_title":"SERVIZIO ASSISTENZA - HOREX - Der Ma\u00dfstab seit 1923","og_url":"https:\/\/www.horex.com\/it\/servizio-assistenza\/","og_site_name":"HOREX - Der Ma\u00dfstab seit 1923","article_modified_time":"2020-02-19T09:20:54+00:00","twitter_card":"summary_large_image","twitter_misc":{"Tempo di lettura stimato":"4 minuti"},"schema":{"@context":"https:\/\/schema.org","@graph":[{"@type":"WebPage","@id":"https:\/\/www.horex.com\/it\/servizio-assistenza\/","url":"https:\/\/www.horex.com\/it\/servizio-assistenza\/","name":"SERVIZIO ASSISTENZA - HOREX - Der Ma\u00dfstab seit 1923","isPartOf":{"@id":"https:\/\/www.horex.com\/#website"},"datePublished":"2017-08-01T18:57:33+00:00","dateModified":"2020-02-19T09:20:54+00:00","breadcrumb":{"@id":"https:\/\/www.horex.com\/it\/servizio-assistenza\/#breadcrumb"},"inLanguage":"it-IT","potentialAction":[{"@type":"ReadAction","target":["https:\/\/www.horex.com\/it\/servizio-assistenza\/"]}]},{"@type":"BreadcrumbList","@id":"https:\/\/www.horex.com\/it\/servizio-assistenza\/#breadcrumb","itemListElement":[{"@type":"ListItem","position":1,"name":"Startseite","item":"https:\/\/www.horex.com\/it\/"},{"@type":"ListItem","position":2,"name":"SERVIZIO ASSISTENZA"}]},{"@type":"WebSite","@id":"https:\/\/www.horex.com\/#website","url":"https:\/\/www.horex.com\/","name":"HOREX - Der Ma\u00dfstab seit 1923","description":"","potentialAction":[{"@type":"SearchAction","target":{"@type":"EntryPoint","urlTemplate":"https:\/\/www.horex.com\/?s={search_term_string}"},"query-input":{"@type":"PropertyValueSpecification","valueRequired":true,"valueName":"search_term_string"}}],"inLanguage":"it-IT"}]}},"_links":{"self":[{"href":"https:\/\/www.horex.com\/it\/wp-json\/wp\/v2\/pages\/7103","targetHints":{"allow":["GET"]}}],"collection":[{"href":"https:\/\/www.horex.com\/it\/wp-json\/wp\/v2\/pages"}],"about":[{"href":"https:\/\/www.horex.com\/it\/wp-json\/wp\/v2\/types\/page"}],"author":[{"embeddable":true,"href":"https:\/\/www.horex.com\/it\/wp-json\/wp\/v2\/users\/976060"}],"replies":[{"embeddable":true,"href":"https:\/\/www.horex.com\/it\/wp-json\/wp\/v2\/comments?post=7103"}],"version-history":[{"count":0,"href":"https:\/\/www.horex.com\/it\/wp-json\/wp\/v2\/pages\/7103\/revisions"}],"wp:attachment":[{"href":"https:\/\/www.horex.com\/it\/wp-json\/wp\/v2\/media?parent=7103"}],"curies":[{"name":"wp","href":"https:\/\/api.w.org\/{rel}","templated":true}]}}