{"id":7069,"date":"2017-08-01T21:04:54","date_gmt":"2017-08-01T19:04:54","guid":{"rendered":"http:\/\/www.horex.com\/das-unternehmen\/"},"modified":"2020-02-19T09:59:20","modified_gmt":"2020-02-19T08:59:20","slug":"lazienda","status":"publish","type":"page","link":"https:\/\/www.horex.com\/it\/lazienda\/","title":{"rendered":"L\u2019AZIENDA"},"content":{"rendered":"<section class=\"l-section wpb_row height_medium\"><div class=\"l-section-h i-cf\"><div class=\"g-cols vc_row via_flex valign_top type_default stacking_default\"><div class=\"vc_col-sm-12 wpb_column vc_column_container\"><div class=\"vc_column-inner\"><div class=\"wpb_wrapper\"><div class=\"wpb_text_column\"><div class=\"wpb_wrapper\"><h1 style=\"text-align: center;\">L&#8217;AZIENDA<span style=\"color: #ffffff;\"><br \/>\n<\/span><\/h1>\n<\/div><\/div><div class=\"w-separator size_large\"><\/div><div class=\"wpb_text_column\"><div class=\"wpb_wrapper\"><h2 class=\"Heading\" style=\"text-align: center;\"><span lang=\"IT\">Lo spettacolare ritorno di un grande marchio.<\/span><\/h2>\n<\/div><\/div><div class=\"w-separator size_medium\"><\/div><div class=\"wpb_text_column us_custom_17c9b057\"><div class=\"wpb_wrapper\"><p>Con l\u2019acquisizione del marchio HOREX, la 3C-Carbon Group AG ha anche rivitalizzato il ruolo della citt\u00e0 di Landsberg al Lech come \u201cLa citt\u00e0 della motocicletta\u201d. Proprio nel centro storico di questa localit\u00e0 Alois Wolfm\u00fcller e Hans Geisenhof costruirono nel 1893 la prima moto di serie con motore a combustione interna. L\u2019invenzione fu brevettata con il nome di \u201cMotorrad\u201d, termine che comunemente oggi identifica la motocicletta nella lingua tedesca.<\/p>\n<p>Nel 2015, dopo un radicale quanto esteso restyling, la 3C-Carbon Group AG presentava la nuova HOREX VR6 nell\u2019esclusivo allestimento Silver Edition seguita dall\u2019ancora pi\u00f9 preziosa Black Edition. Entrambe in tiratura limitata di trentatr\u00e9 esemplari, hanno aperto la strada alla produzione in serie dell\u2019attuale gamma, composta dall\u2019HOREX VR6 Classic e dall\u2019HOREX VR6 Cafe Racer.<\/p>\n<p>&nbsp;<\/p>\n<p>Sotto la guida della 3C-Carbon Group AG, nessuna parte dell\u2019originaria VR6 \u00e8 rimasta inalterata. Tutte le componenti del modello procedente sono state migliorate e in molti casi totalmente riprogettate.<\/p>\n<p>L\u2019esperienza e la competenza del reparto ricerca e sviluppo 3C Development maturata nel corso della sua intensa attivit\u00e0 nell\u2019<em>automotive<\/em>, sono onnipresenti in questa nuova motocicletta. L\u2019approccio da parte degli ingegneri del 3C Development \u00e8 stato quello tipico del mondo del Motorsport: ridurre all\u2019essenziale il numero delle parti e riprogettarne di nuove ultraleggere, come il telaietto posteriore reggi-sella e il canotto di sterzo.<\/p>\n<p>Da segnalare inoltre come nella progettazione dell\u2019HOREX VR6 siano state coinvolte due aziende tedesche leader assolute nella componentistica automotive realizzando insieme numerosi elementi in esclusiva.<\/p>\n<h2 class=\"Heading\"><span lang=\"IT\">Questo non \u00e8 che l\u2019inizio della \u201cNuova HOREX&#8221;.<\/span><\/h2>\n<\/div><\/div><div class=\"w-separator size_large\"><\/div><\/div><\/div><\/div><\/div><\/div><\/section><section class=\"l-section wpb_row height_huge with_img parallax_fixed\"><div class=\"l-section-img\" data-img-width=\"1920\" data-img-height=\"1280\" style=\"background-image: url(https:\/\/www.horex.com\/bilder\/horex170719_044_jk-kopie-1.jpg);background-position: bottom center;background-repeat: no-repeat;\"><\/div><div class=\"l-section-h i-cf\"><div class=\"g-cols vc_row via_flex valign_top type_default stacking_default\"><div class=\"vc_col-sm-12 wpb_column vc_column_container\"><div class=\"vc_column-inner\"><div class=\"wpb_wrapper\"><div class=\"w-separator size_huge\"><\/div><div class=\"w-separator size_custom\" style=\"height:100px\"><\/div><\/div><\/div><\/div><\/div><\/div><\/section><section class=\"l-section wpb_row height_auto width_full\" id=\"il-horex-dna\"><div class=\"l-section-h i-cf\"><div class=\"g-cols vc_row via_flex valign_top type_default stacking_default\"><div class=\"vc_col-sm-12 wpb_column vc_column_container\"><div class=\"vc_column-inner\"><div class=\"wpb_wrapper\"><div class=\"g-cols wpb_row via_flex valign_top type_default stacking_default\"><div class=\"vc_col-sm-12 wpb_column vc_column_container has_bg_color\"><div class=\"vc_column-inner us_custom_4fb9e5a3\"><div class=\"wpb_wrapper\"><div class=\"w-separator size_large\"><\/div><div class=\"wpb_text_column\"><div class=\"wpb_wrapper\"><h1 style=\"text-align: center;\">DNA HOREX<\/h1>\n<\/div><\/div><div class=\"w-separator size_large\"><\/div><div class=\"wpb_text_column\"><div class=\"wpb_wrapper\"><h2 style=\"text-align: center;\">La protagonista del mercato<\/h2>\n<\/div><\/div><div class=\"w-separator size_small\"><\/div><div class=\"wpb_text_column us_custom_17c9b057\"><div class=\"wpb_wrapper\"><p>La nuova HOREX VR6 \u00e8 la pi\u00f9 esclusiva motocicletta in produzione oggi disponibile sul mercato. Questo primato le deriva dalla geniale intersezione tra alta tecnologia, materiali esclusivi e realizzazione artigianale supportata da avanzati processi di produzione.<\/p>\n<\/div><\/div><div class=\"w-separator size_large\"><\/div><div class=\"wpb_text_column\"><div class=\"wpb_wrapper\"><h2 style=\"text-align: center;\">Esclusivit\u00e0<\/h2>\n<\/div><\/div><div class=\"w-separator size_small\"><\/div><div class=\"wpb_text_column us_custom_17c9b057\"><div class=\"wpb_wrapper\"><p style=\"text-align: center;\">Le HOREX VR6 possono essere personalizzate in numerosi dettagli per rispondere alle richieste della clientela pi\u00f9 esigente. Si pu\u00f2 configurare la propria moto sia sotto il profilo estetico, selezionando vernici speciali e finiture su richiesta. Sono, infatti, disponibili diverse fogge di manubri, <em>risers,<\/em> selle e altri dettagli prodotti esclusivi marchiati HOREX.<\/p>\n<\/div><\/div><\/div><\/div><\/div><\/div><div class=\"w-separator size_large\"><\/div><\/div><\/div><\/div><\/div><\/div><\/section><section class=\"l-section wpb_row height_huge with_img parallax_fixed\"><div class=\"l-section-img\" data-img-width=\"1200\" data-img-height=\"800\" style=\"background-image: url(https:\/\/www.horex.com\/bilder\/horex170719_115-v2-low.jpg);background-repeat: no-repeat;\"><\/div><div class=\"l-section-h i-cf\"><div class=\"g-cols vc_row via_flex valign_top type_default stacking_default\"><div class=\"vc_col-sm-12 wpb_column vc_column_container\"><div class=\"vc_column-inner\"><div class=\"wpb_wrapper\"><div class=\"w-separator size_custom\" style=\"height:100px\"><\/div><div class=\"w-separator size_huge\"><\/div><\/div><\/div><\/div><\/div><\/div><\/section><section class=\"l-section wpb_row height_medium\"><div class=\"l-section-h i-cf\"><div class=\"g-cols vc_row via_flex valign_top type_default stacking_default\"><div class=\"vc_col-sm-12 wpb_column vc_column_container\"><div class=\"vc_column-inner\"><div class=\"wpb_wrapper\"><div class=\"g-cols wpb_row via_flex valign_top type_default stacking_default\"><div class=\"vc_col-sm-12 wpb_column vc_column_container has_bg_color\"><div class=\"vc_column-inner us_custom_4fb9e5a3\"><div class=\"wpb_wrapper\"><div class=\"w-separator size_large\"><\/div><div class=\"wpb_text_column\"><div class=\"wpb_wrapper\"><h2 style=\"text-align: center;\">Una moto dell&#8217;altro mondo<\/h2>\n<\/div><\/div><div class=\"w-separator size_small\"><\/div><div class=\"wpb_text_column us_custom_17c9b057\"><div class=\"wpb_wrapper\"><p class=\"Body\" style=\"text-align: center;\"><span lang=\"IT\">Il suo motore a sei cilindri e\u2019 un testo sacro nella storia dei motori ad alte prestazioni. Caratterizzato da tre alberi a camme e da una complessa architettura del blocco motore, il motore VR6 ha lasciato il mondo dell\u2019auto per trasferire confort e prestazioni su una moto ad altissima tecnologia. Ne deriva una superiore potenza e spinta a tutti i regimi, sottolineata da un timbro di scarico seducente che rendono la guida di questa sei cilindri una esperienza unica. <\/span><\/p>\n<\/div><\/div><div class=\"w-separator size_large\"><\/div><\/div><\/div><\/div><\/div><\/div><\/div><\/div><\/div><\/div><\/section><section class=\"l-section wpb_row height_auto width_full color_alternate with_img parallax_ver\"><div class=\"l-section-img\" data-img-width=\"1480\" data-img-height=\"987\" style=\"background-image: url(https:\/\/www.horex.com\/bilder\/horex170719_119-v2-LOW1400.jpg);background-repeat: no-repeat;\"><\/div><div class=\"l-section-h i-cf\"><div class=\"g-cols vc_row via_flex valign_bottom type_default stacking_default\"><div class=\"vc_col-sm-12 wpb_column vc_column_container\"><div class=\"vc_column-inner\"><div class=\"wpb_wrapper\"><div class=\"w-separator size_custom\" style=\"height:600px\"><\/div><\/div><\/div><\/div><\/div><\/div><\/section><section class=\"l-section wpb_row height_medium\"><div class=\"l-section-h i-cf\"><div class=\"g-cols vc_row via_flex valign_top type_default stacking_default\"><div class=\"vc_col-sm-12 wpb_column vc_column_container\"><div class=\"vc_column-inner\"><div class=\"wpb_wrapper\"><div class=\"w-separator size_large\"><\/div><div class=\"wpb_text_column\"><div class=\"wpb_wrapper\"><h2 style=\"text-align: center;\">Il grande spettacolo<\/h2>\n<\/div><\/div><div class=\"w-separator size_small\"><\/div><div class=\"wpb_text_column us_custom_17c9b057\"><div class=\"wpb_wrapper\"><p class=\"Body\" style=\"text-align: center;\"><span lang=\"IT\">E\u2019 unanimemente considerato da tutti i progettisti, collaudatori e clienti la quintessenza del marchio HOREX. Nessun\u2019altra moto sul mercato ha saputo coniugare il motore 1200 cc a sei cilindri con le pi\u00f9 raffinate soluzioni ultraleggere per ciclistica e componentistica restituendo un\u2019esperienza di guida unica, paragonabile a quella di una agile 600 ma con un immenso motore. In sostanza il massimo che ogni appassionato di guida sportiva possa desiderare.<\/span><\/p>\n<\/div><\/div><div class=\"w-separator size_large\"><\/div><div class=\"wpb_text_column\"><div class=\"wpb_wrapper\"><h2 style=\"text-align: center;\">Il nuovo riferimento in termini di valore<\/h2>\n<\/div><\/div><div class=\"w-separator size_small\"><\/div><div class=\"wpb_text_column us_custom_17c9b057\"><div class=\"wpb_wrapper\"><p class=\"Body\" style=\"text-align: center;\"><span lang=\"IT\">Il rapporto tra contenuto esclusivo e valore intrinseco della moto non \u00e8 mai stato cos\u00ec evidente come nell\u2019HOREX VR6. Nel mercato non esiste altra moto cos\u00ec rappresentativa in termini di unicit\u00e0, qualit\u00e0 di produzione e tecnologia, avvalorati da uno storico grande marchio tedesco qual \u00e8 HOREX. Per questo motivo il suo valore rimarr\u00e0 sempre pi\u00f9 alto rispetto a qualsiasi produttore di motociclette premium. <\/span><\/p>\n<\/div><\/div><div class=\"w-separator size_large\"><\/div><\/div><\/div><\/div><\/div><\/div><\/section><section class=\"l-section wpb_row height_auto width_full color_alternate with_img parallax_ver\"><div class=\"l-section-img\" data-img-width=\"1200\" data-img-height=\"800\" style=\"background-image: url(https:\/\/www.horex.com\/bilder\/horex170719_221-low.jpg);background-repeat: no-repeat;\"><\/div><div class=\"l-section-h i-cf\"><div class=\"g-cols vc_row via_flex valign_bottom type_default stacking_default\"><div class=\"vc_col-sm-12 wpb_column vc_column_container\"><div class=\"vc_column-inner\"><div class=\"wpb_wrapper\"><div class=\"w-separator size_custom\" style=\"height:350px\"><\/div><\/div><\/div><\/div><\/div><\/div><\/section>\n","protected":false},"excerpt":{"rendered":"L&#8217;AZIENDA Lo spettacolare ritorno di un grande marchio. Con l\u2019acquisizione del marchio HOREX, la 3C-Carbon Group AG ha anche rivitalizzato il ruolo della citt\u00e0 di Landsberg al Lech come \u201cLa...","protected":false},"author":976060,"featured_media":0,"parent":0,"menu_order":2,"comment_status":"closed","ping_status":"closed","template":"","meta":{"footnotes":""},"class_list":["post-7069","page","type-page","status-publish","hentry"],"yoast_head":"<!-- This site is optimized with the Yoast SEO plugin v25.1 - https:\/\/yoast.com\/wordpress\/plugins\/seo\/ -->\n<title>L\u2019AZIENDA - HOREX - Der Ma\u00dfstab seit 1923<\/title>\n<meta name=\"robots\" content=\"noindex, follow, max-snippet:-1, max-image-preview:large, max-video-preview:-1\" \/>\n<meta property=\"og:locale\" content=\"it_IT\" \/>\n<meta property=\"og:type\" content=\"article\" \/>\n<meta property=\"og:title\" content=\"L\u2019AZIENDA - HOREX - Der Ma\u00dfstab seit 1923\" \/>\n<meta property=\"og:url\" content=\"https:\/\/www.horex.com\/it\/lazienda\/\" \/>\n<meta property=\"og:site_name\" content=\"HOREX - Der Ma\u00dfstab seit 1923\" \/>\n<meta property=\"article:modified_time\" content=\"2020-02-19T08:59:20+00:00\" \/>\n<meta name=\"twitter:card\" content=\"summary_large_image\" \/>\n<meta name=\"twitter:label1\" content=\"Tempo di lettura stimato\" \/>\n\t<meta name=\"twitter:data1\" content=\"5 minuti\" \/>\n<script type=\"application\/ld+json\" class=\"yoast-schema-graph\">{\"@context\":\"https:\/\/schema.org\",\"@graph\":[{\"@type\":\"WebPage\",\"@id\":\"https:\/\/www.horex.com\/it\/lazienda\/\",\"url\":\"https:\/\/www.horex.com\/it\/lazienda\/\",\"name\":\"L\u2019AZIENDA - HOREX - Der Ma\u00dfstab seit 1923\",\"isPartOf\":{\"@id\":\"https:\/\/www.horex.com\/#website\"},\"datePublished\":\"2017-08-01T19:04:54+00:00\",\"dateModified\":\"2020-02-19T08:59:20+00:00\",\"breadcrumb\":{\"@id\":\"https:\/\/www.horex.com\/it\/lazienda\/#breadcrumb\"},\"inLanguage\":\"it-IT\",\"potentialAction\":[{\"@type\":\"ReadAction\",\"target\":[\"https:\/\/www.horex.com\/it\/lazienda\/\"]}]},{\"@type\":\"BreadcrumbList\",\"@id\":\"https:\/\/www.horex.com\/it\/lazienda\/#breadcrumb\",\"itemListElement\":[{\"@type\":\"ListItem\",\"position\":1,\"name\":\"Startseite\",\"item\":\"https:\/\/www.horex.com\/it\/\"},{\"@type\":\"ListItem\",\"position\":2,\"name\":\"L\u2019AZIENDA\"}]},{\"@type\":\"WebSite\",\"@id\":\"https:\/\/www.horex.com\/#website\",\"url\":\"https:\/\/www.horex.com\/\",\"name\":\"HOREX - Der Ma\u00dfstab seit 1923\",\"description\":\"\",\"potentialAction\":[{\"@type\":\"SearchAction\",\"target\":{\"@type\":\"EntryPoint\",\"urlTemplate\":\"https:\/\/www.horex.com\/?s={search_term_string}\"},\"query-input\":{\"@type\":\"PropertyValueSpecification\",\"valueRequired\":true,\"valueName\":\"search_term_string\"}}],\"inLanguage\":\"it-IT\"}]}<\/script>\n<!-- \/ Yoast SEO plugin. -->","yoast_head_json":{"title":"L\u2019AZIENDA - HOREX - Der Ma\u00dfstab seit 1923","robots":{"index":"noindex","follow":"follow","max-snippet":"max-snippet:-1","max-image-preview":"max-image-preview:large","max-video-preview":"max-video-preview:-1"},"og_locale":"it_IT","og_type":"article","og_title":"L\u2019AZIENDA - HOREX - Der Ma\u00dfstab seit 1923","og_url":"https:\/\/www.horex.com\/it\/lazienda\/","og_site_name":"HOREX - Der Ma\u00dfstab seit 1923","article_modified_time":"2020-02-19T08:59:20+00:00","twitter_card":"summary_large_image","twitter_misc":{"Tempo di lettura stimato":"5 minuti"},"schema":{"@context":"https:\/\/schema.org","@graph":[{"@type":"WebPage","@id":"https:\/\/www.horex.com\/it\/lazienda\/","url":"https:\/\/www.horex.com\/it\/lazienda\/","name":"L\u2019AZIENDA - HOREX - Der Ma\u00dfstab seit 1923","isPartOf":{"@id":"https:\/\/www.horex.com\/#website"},"datePublished":"2017-08-01T19:04:54+00:00","dateModified":"2020-02-19T08:59:20+00:00","breadcrumb":{"@id":"https:\/\/www.horex.com\/it\/lazienda\/#breadcrumb"},"inLanguage":"it-IT","potentialAction":[{"@type":"ReadAction","target":["https:\/\/www.horex.com\/it\/lazienda\/"]}]},{"@type":"BreadcrumbList","@id":"https:\/\/www.horex.com\/it\/lazienda\/#breadcrumb","itemListElement":[{"@type":"ListItem","position":1,"name":"Startseite","item":"https:\/\/www.horex.com\/it\/"},{"@type":"ListItem","position":2,"name":"L\u2019AZIENDA"}]},{"@type":"WebSite","@id":"https:\/\/www.horex.com\/#website","url":"https:\/\/www.horex.com\/","name":"HOREX - Der Ma\u00dfstab seit 1923","description":"","potentialAction":[{"@type":"SearchAction","target":{"@type":"EntryPoint","urlTemplate":"https:\/\/www.horex.com\/?s={search_term_string}"},"query-input":{"@type":"PropertyValueSpecification","valueRequired":true,"valueName":"search_term_string"}}],"inLanguage":"it-IT"}]}},"_links":{"self":[{"href":"https:\/\/www.horex.com\/it\/wp-json\/wp\/v2\/pages\/7069","targetHints":{"allow":["GET"]}}],"collection":[{"href":"https:\/\/www.horex.com\/it\/wp-json\/wp\/v2\/pages"}],"about":[{"href":"https:\/\/www.horex.com\/it\/wp-json\/wp\/v2\/types\/page"}],"author":[{"embeddable":true,"href":"https:\/\/www.horex.com\/it\/wp-json\/wp\/v2\/users\/976060"}],"replies":[{"embeddable":true,"href":"https:\/\/www.horex.com\/it\/wp-json\/wp\/v2\/comments?post=7069"}],"version-history":[{"count":0,"href":"https:\/\/www.horex.com\/it\/wp-json\/wp\/v2\/pages\/7069\/revisions"}],"wp:attachment":[{"href":"https:\/\/www.horex.com\/it\/wp-json\/wp\/v2\/media?parent=7069"}],"curies":[{"name":"wp","href":"https:\/\/api.w.org\/{rel}","templated":true}]}}